{"id":2469,"date":"2022-09-14T14:13:58","date_gmt":"2022-09-14T14:13:58","guid":{"rendered":"https:\/\/novakdjokovicfoundation.org\/get-involved\/"},"modified":"2025-01-16T13:16:02","modified_gmt":"2025-01-16T13:16:02","slug":"ispricaj-nasu-pricu","status":"publish","type":"page","link":"https:\/\/novakdjokovicfoundation.org\/sr\/ispricaj-nasu-pricu\/","title":{"rendered":"Ispri\u010daj na\u0161u pri\u010du"},"content":{"rendered":"","protected":false},"excerpt":{"rendered":"","protected":false},"author":5,"featured_media":0,"parent":0,"menu_order":0,"comment_status":"closed","ping_status":"closed","template":"page-templates\/get-involved.php","meta":{"_acf_changed":false,"footnotes":""},"class_list":["post-2469","page","type-page","status-publish","hentry"],"acf":[],"yoast_head":"<!-- This site is optimized with the Yoast SEO plugin v27.2 - https:\/\/yoast.com\/product\/yoast-seo-wordpress\/ -->\n<title>Ispri\u010daj na\u0161u pri\u010du - Novak Djokovic Foundation<\/title>\n<meta name=\"robots\" content=\"index, follow, max-snippet:-1, max-image-preview:large, max-video-preview:-1\" \/>\n<link rel=\"canonical\" href=\"https:\/\/novakdjokovicfoundation.org\/sr\/ispricaj-nasu-pricu\/\" \/>\n<meta property=\"og:locale\" content=\"sr_RS\" \/>\n<meta property=\"og:type\" content=\"article\" \/>\n<meta property=\"og:title\" content=\"Ispri\u010daj na\u0161u pri\u010du - Novak Djokovic Foundation\" \/>\n<meta property=\"og:url\" content=\"https:\/\/novakdjokovicfoundation.org\/sr\/ispricaj-nasu-pricu\/\" \/>\n<meta property=\"og:site_name\" content=\"Novak Djokovic Foundation\" \/>\n<meta property=\"article:publisher\" content=\"https:\/\/www.facebook.com\/NovakDjokovicFoundation\" \/>\n<meta property=\"article:modified_time\" content=\"2025-01-16T13:16:02+00:00\" \/>\n<meta property=\"og:image\" content=\"https:\/\/novakdjokovicfoundation.org\/wp-content\/uploads\/2023\/03\/NDF-share-image-1.png\" \/>\n\t<meta property=\"og:image:width\" content=\"1200\" \/>\n\t<meta property=\"og:image:height\" content=\"630\" \/>\n\t<meta property=\"og:image:type\" content=\"image\/png\" \/>\n<meta name=\"twitter:card\" content=\"summary_large_image\" \/>\n<meta name=\"twitter:site\" content=\"@novakfoundation\" \/>\n<script type=\"application\/ld+json\" class=\"yoast-schema-graph\">{\"@context\":\"https:\/\/schema.org\",\"@graph\":[{\"@type\":\"WebPage\",\"@id\":\"https:\/\/novakdjokovicfoundation.org\/sr\/ispricaj-nasu-pricu\/\",\"url\":\"https:\/\/novakdjokovicfoundation.org\/sr\/ispricaj-nasu-pricu\/\",\"name\":\"Ispri\u010daj na\u0161u pri\u010du - Novak Djokovic Foundation\",\"isPartOf\":{\"@id\":\"https:\/\/novakdjokovicfoundation.org\/#website\"},\"datePublished\":\"2022-09-14T14:13:58+00:00\",\"dateModified\":\"2025-01-16T13:16:02+00:00\",\"breadcrumb\":{\"@id\":\"https:\/\/novakdjokovicfoundation.org\/sr\/ispricaj-nasu-pricu\/#breadcrumb\"},\"inLanguage\":\"sr-RS\",\"potentialAction\":[{\"@type\":\"ReadAction\",\"target\":[\"https:\/\/novakdjokovicfoundation.org\/sr\/ispricaj-nasu-pricu\/\"]}]},{\"@type\":\"BreadcrumbList\",\"@id\":\"https:\/\/novakdjokovicfoundation.org\/sr\/ispricaj-nasu-pricu\/#breadcrumb\",\"itemListElement\":[{\"@type\":\"ListItem\",\"position\":1,\"name\":\"Home\",\"item\":\"https:\/\/novakdjokovicfoundation.org\/sr\/\"},{\"@type\":\"ListItem\",\"position\":2,\"name\":\"Ispri\u010daj na\u0161u pri\u010du\"}]},{\"@type\":\"WebSite\",\"@id\":\"https:\/\/novakdjokovicfoundation.org\/#website\",\"url\":\"https:\/\/novakdjokovicfoundation.org\/\",\"name\":\"Novak Djokovic Foundation\",\"description\":\"Believe in their dreams\",\"publisher\":{\"@id\":\"https:\/\/novakdjokovicfoundation.org\/#organization\"},\"potentialAction\":[{\"@type\":\"SearchAction\",\"target\":{\"@type\":\"EntryPoint\",\"urlTemplate\":\"https:\/\/novakdjokovicfoundation.org\/?s={search_term_string}\"},\"query-input\":{\"@type\":\"PropertyValueSpecification\",\"valueRequired\":true,\"valueName\":\"search_term_string\"}}],\"inLanguage\":\"sr-RS\"},{\"@type\":\"Organization\",\"@id\":\"https:\/\/novakdjokovicfoundation.org\/#organization\",\"name\":\"Novak Djokovic Foundation\",\"url\":\"https:\/\/novakdjokovicfoundation.org\/\",\"logo\":{\"@type\":\"ImageObject\",\"inLanguage\":\"sr-RS\",\"@id\":\"https:\/\/novakdjokovicfoundation.org\/#\/schema\/logo\/image\/\",\"url\":\"https:\/\/novakdjokovicfoundation.org\/wp-content\/uploads\/2024\/12\/NDF_Logo_BLUE.svg\",\"contentUrl\":\"https:\/\/novakdjokovicfoundation.org\/wp-content\/uploads\/2024\/12\/NDF_Logo_BLUE.svg\",\"width\":1,\"height\":1,\"caption\":\"Novak Djokovic Foundation\"},\"image\":{\"@id\":\"https:\/\/novakdjokovicfoundation.org\/#\/schema\/logo\/image\/\"},\"sameAs\":[\"https:\/\/www.facebook.com\/NovakDjokovicFoundation\",\"https:\/\/x.com\/novakfoundation\",\"https:\/\/www.instagram.com\/novakfoundation\"]}]}<\/script>\n<!-- \/ Yoast SEO plugin. -->","yoast_head_json":{"title":"Ispri\u010daj na\u0161u pri\u010du - Novak Djokovic Foundation","robots":{"index":"index","follow":"follow","max-snippet":"max-snippet:-1","max-image-preview":"max-image-preview:large","max-video-preview":"max-video-preview:-1"},"canonical":"https:\/\/novakdjokovicfoundation.org\/sr\/ispricaj-nasu-pricu\/","og_locale":"sr_RS","og_type":"article","og_title":"Ispri\u010daj na\u0161u pri\u010du - Novak Djokovic Foundation","og_url":"https:\/\/novakdjokovicfoundation.org\/sr\/ispricaj-nasu-pricu\/","og_site_name":"Novak Djokovic Foundation","article_publisher":"https:\/\/www.facebook.com\/NovakDjokovicFoundation","article_modified_time":"2025-01-16T13:16:02+00:00","og_image":[{"width":1200,"height":630,"url":"https:\/\/novakdjokovicfoundation.org\/wp-content\/uploads\/2023\/03\/NDF-share-image-1.png","type":"image\/png"}],"twitter_card":"summary_large_image","twitter_site":"@novakfoundation","schema":{"@context":"https:\/\/schema.org","@graph":[{"@type":"WebPage","@id":"https:\/\/novakdjokovicfoundation.org\/sr\/ispricaj-nasu-pricu\/","url":"https:\/\/novakdjokovicfoundation.org\/sr\/ispricaj-nasu-pricu\/","name":"Ispri\u010daj na\u0161u pri\u010du - Novak Djokovic Foundation","isPartOf":{"@id":"https:\/\/novakdjokovicfoundation.org\/#website"},"datePublished":"2022-09-14T14:13:58+00:00","dateModified":"2025-01-16T13:16:02+00:00","breadcrumb":{"@id":"https:\/\/novakdjokovicfoundation.org\/sr\/ispricaj-nasu-pricu\/#breadcrumb"},"inLanguage":"sr-RS","potentialAction":[{"@type":"ReadAction","target":["https:\/\/novakdjokovicfoundation.org\/sr\/ispricaj-nasu-pricu\/"]}]},{"@type":"BreadcrumbList","@id":"https:\/\/novakdjokovicfoundation.org\/sr\/ispricaj-nasu-pricu\/#breadcrumb","itemListElement":[{"@type":"ListItem","position":1,"name":"Home","item":"https:\/\/novakdjokovicfoundation.org\/sr\/"},{"@type":"ListItem","position":2,"name":"Ispri\u010daj na\u0161u pri\u010du"}]},{"@type":"WebSite","@id":"https:\/\/novakdjokovicfoundation.org\/#website","url":"https:\/\/novakdjokovicfoundation.org\/","name":"Novak Djokovic Foundation","description":"Believe in their dreams","publisher":{"@id":"https:\/\/novakdjokovicfoundation.org\/#organization"},"potentialAction":[{"@type":"SearchAction","target":{"@type":"EntryPoint","urlTemplate":"https:\/\/novakdjokovicfoundation.org\/?s={search_term_string}"},"query-input":{"@type":"PropertyValueSpecification","valueRequired":true,"valueName":"search_term_string"}}],"inLanguage":"sr-RS"},{"@type":"Organization","@id":"https:\/\/novakdjokovicfoundation.org\/#organization","name":"Novak Djokovic Foundation","url":"https:\/\/novakdjokovicfoundation.org\/","logo":{"@type":"ImageObject","inLanguage":"sr-RS","@id":"https:\/\/novakdjokovicfoundation.org\/#\/schema\/logo\/image\/","url":"https:\/\/novakdjokovicfoundation.org\/wp-content\/uploads\/2024\/12\/NDF_Logo_BLUE.svg","contentUrl":"https:\/\/novakdjokovicfoundation.org\/wp-content\/uploads\/2024\/12\/NDF_Logo_BLUE.svg","width":1,"height":1,"caption":"Novak Djokovic Foundation"},"image":{"@id":"https:\/\/novakdjokovicfoundation.org\/#\/schema\/logo\/image\/"},"sameAs":["https:\/\/www.facebook.com\/NovakDjokovicFoundation","https:\/\/x.com\/novakfoundation","https:\/\/www.instagram.com\/novakfoundation"]}]}},"_links":{"self":[{"href":"https:\/\/novakdjokovicfoundation.org\/sr\/wp-json\/wp\/v2\/pages\/2469","targetHints":{"allow":["GET"]}}],"collection":[{"href":"https:\/\/novakdjokovicfoundation.org\/sr\/wp-json\/wp\/v2\/pages"}],"about":[{"href":"https:\/\/novakdjokovicfoundation.org\/sr\/wp-json\/wp\/v2\/types\/page"}],"author":[{"embeddable":true,"href":"https:\/\/novakdjokovicfoundation.org\/sr\/wp-json\/wp\/v2\/users\/5"}],"replies":[{"embeddable":true,"href":"https:\/\/novakdjokovicfoundation.org\/sr\/wp-json\/wp\/v2\/comments?post=2469"}],"version-history":[{"count":15,"href":"https:\/\/novakdjokovicfoundation.org\/sr\/wp-json\/wp\/v2\/pages\/2469\/revisions"}],"predecessor-version":[{"id":21889,"href":"https:\/\/novakdjokovicfoundation.org\/sr\/wp-json\/wp\/v2\/pages\/2469\/revisions\/21889"}],"wp:attachment":[{"href":"https:\/\/novakdjokovicfoundation.org\/sr\/wp-json\/wp\/v2\/media?parent=2469"}],"curies":[{"name":"wp","href":"https:\/\/api.w.org\/{rel}","templated":true}]}}